{"id":38319,"date":"2015-08-04T15:20:05","date_gmt":"2015-08-04T12:20:05","guid":{"rendered":"https:\/\/diamant.graphics\/videos\/"},"modified":"2023-11-26T02:28:29","modified_gmt":"2023-11-25T23:28:29","slug":"videos","status":"publish","type":"page","link":"https:\/\/diamant.graphics\/de\/videos\/","title":{"rendered":"Videos"},"content":{"rendered":"<div class=\"wpb-content-wrapper\"><div class=\"vc_row wpb_row vc_row-fluid full-width-wrap dt-default\" style=\"padding-left: 0px;padding-right: 0px;margin-top: -55px;margin-bottom: 0px\"><div class=\"wpb_column vc_column_container vc_col-sm-1\"><div class=\"vc_column-inner\"><div class=\"wpb_wrapper\">\n\t<div class=\"wpb_text_column wpb_content_element\" >\n\t\t<div class=\"wpb_wrapper\">\n\t\t\t<p><\/p>\n\n\t\t<\/div>\n\t<\/div>\n<\/div><\/div><\/div><div class=\"wpb_column vc_column_container vc_col-sm-6\"><div class=\"vc_column-inner\"><div class=\"wpb_wrapper\">\n\t<div class=\"wpb_video_widget wpb_content_element vc_clearfix   vc_custom_1454615357487 vc_video-aspect-ratio-169 vc_video-el-width-100 vc_video-align-left\" >\n\t\t<div class=\"wpb_wrapper\">\n\t\t\t\n\t\t\t<div class=\"wpb_video_wrapper\"><iframe loading=\"lazy\" title=\"2,00 ct Diamantring in 4K\" width=\"500\" height=\"281\" src=\"https:\/\/www.youtube.com\/embed\/IccyUxIeu9w?feature=oembed\" frameborder=\"0\" allow=\"accelerometer; autoplay; clipboard-write; encrypted-media; gyroscope; picture-in-picture; web-share\" allowfullscreen><\/iframe><\/div>\n\t\t<\/div>\n\t<\/div>\n<\/div><\/div><\/div><div class=\"wpb_column vc_column_container vc_col-sm-4\"><div class=\"vc_column-inner\"><div class=\"wpb_wrapper\"><h2 style=\"font-size: 52px;line-height: 1.0865;text-align: center;font-family:Roboto;font-weight:100;font-style:normal\" class=\"vc_custom_heading vc_do_custom_heading vc_custom_1700048037951\" >Die verf\u00fchrerische Welt der 3D-Videos<\/h2><div class=\"vc_empty_space\"   style=\"height: 20px\"><span class=\"vc_empty_space_inner\"><\/span><\/div>\n\t<div class=\"wpb_text_column wpb_content_element  vc_custom_1700048055935\" >\n\t\t<div class=\"wpb_wrapper\">\n\t\t\t<p>3D-Animation gibt uns unbegrenzte kreative Freiheit, da wir keine teuren Kulissen oder Dekorationen ben\u00f6tigen. Unsere Kunden k\u00f6nnen jedes winzige Detail ihrer fotorealistischen Schmuckmodelle aus jedem Winkel, mit jedem Licht, jedem Hintergrund, jedem Edelstein und jedem visuellen Effekt sehen. Wir verwenden standardm\u00e4\u00dfig eine 1080p-Aufl\u00f6sung f\u00fcr unsere 3D-Videos, aber wir bieten auch eine 4K-Aufl\u00f6sung f\u00fcr eine extrem detaillierte Darstellung Ihrer Modelle. Achtung! Die Ultra High Definition kann Ihre Wahrnehmung der Realit\u00e4t wirklich beeinflussen! \ud83d\ude09<\/p>\n<p>Um allen Anforderungen und W\u00fcnschen unserer Kunden gerecht zu werden, bieten wir Videos mit beliebiger Bildrate f\u00fcr besonders fl\u00fcssige Bilder an. Dar\u00fcber hinaus k\u00f6nnen wir dem Video beliebige Beschriftungen (Karatgewicht, Edelsteinwert usw.) hinzuf\u00fcgen, um es informativer zu gestalten.<\/p>\n\n\t\t<\/div>\n\t<\/div>\n<\/div><\/div><\/div><div class=\"wpb_column vc_column_container vc_col-sm-1\"><div class=\"vc_column-inner\"><div class=\"wpb_wrapper\">\n\t<div class=\"wpb_text_column wpb_content_element\" >\n\t\t<div class=\"wpb_wrapper\">\n\t\t\t<p><\/p>\n\n\t\t<\/div>\n\t<\/div>\n<\/div><\/div><\/div><\/div><div class=\"stripe stripe-style-1\" style=\"background-position: top;background-repeat: no-repeat;background-attachment: scroll;background-size: auto;padding-top: 0px;padding-bottom: 0px;margin-top: 0px;margin-bottom: 0px\"><div class=\"vc_row wpb_row vc_row-fluid full-width-wrap\" style=\"padding-left: 0px;padding-right: 0px\"><div class=\"wpb_column vc_column_container vc_col-sm-1\"><div class=\"vc_column-inner\"><div class=\"wpb_wrapper\">\n\t<div class=\"wpb_text_column wpb_content_element\" >\n\t\t<div class=\"wpb_wrapper\">\n\t\t\t<p><\/p>\n\n\t\t<\/div>\n\t<\/div>\n<\/div><\/div><\/div><div class=\"wpb_column vc_column_container vc_col-sm-7\"><div class=\"vc_column-inner\"><div class=\"wpb_wrapper\"><h2 style=\"font-size: 52px;line-height: 1.0865;text-align: center;font-family:Roboto;font-weight:100;font-style:normal\" class=\"vc_custom_heading vc_do_custom_heading vc_custom_1700048071392\" >Ein Video anstelle von tausend Worten<\/h2><div class=\"vc_empty_space\"   style=\"height: 20px\"><span class=\"vc_empty_space_inner\"><\/span><\/div>\n\t<div class=\"wpb_text_column wpb_content_element  vc_custom_1700048086290\" >\n\t\t<div class=\"wpb_wrapper\">\n\t\t\t<p style=\"text-align: center;\">Die 3D-Animation ist zu einem der wirksamsten Instrumente der visuellen Kommunikation geworden, weil sie Ihre Produkte zum Leben erweckt.<\/p>\n<p style=\"text-align: center;\">Unter Marketinggesichtspunkten sind 3D-Videos sehr effektiv, wenn es darum geht, einen komplexen Sachverhalt schnell zu visualisieren. Animationen k\u00f6nnen mit ihren grenzenlosen visuellen Effekten leicht die Aufmerksamkeit auf sich ziehen - ein pl\u00f6tzliches Lichtspiel, ein ungew\u00f6hnlicher Kamerawinkel oder eine interessante Szenerie - Ihrer Kreativit\u00e4t sind in der Welt der 3D-Bewegung keine Grenzen gesetzt. In wenigen Sekunden Animation kann alles passieren, und Sie k\u00f6nnen Ihren Schmuck auf eine Weise pr\u00e4sentieren, die \u00fcber die M\u00f6glichkeiten der herk\u00f6mmlichen Fotografie oder Videografie hinausgeht.<\/p>\n\n\t\t<\/div>\n\t<\/div>\n<div class=\"vc_empty_space\"   style=\"height: 32px\"><span class=\"vc_empty_space_inner\"><\/span><\/div><\/div><\/div><\/div><div class=\"wpb_column vc_column_container vc_col-sm-4 vc_hidden-xs\"><div class=\"vc_column-inner\"><div class=\"wpb_wrapper\">\n\t<div class=\"wpb_text_column wpb_content_element  vc_custom_1454184423184\" >\n\t\t<div class=\"wpb_wrapper\">\n\t\t\t<p><\/p>\n\n\t\t<\/div>\n\t<\/div>\n<div class=\"wpb_revslider_element wpb_content_element\">\n\t\t\t<!-- START smally REVOLUTION SLIDER 6.7.38 --><p class=\"rs-p-wp-fix\"><\/p>\n\t\t\t<rs-module-wrap id=\"rev_slider_5_1_wrapper\" data-source=\"gallery\" style=\"visibility:hidden;background:#000000;padding:0;margin:0px auto;margin-top:0;margin-bottom:0;\">\n\t\t\t\t<rs-module id=\"rev_slider_5_1\" style=\"\" data-version=\"6.7.38\">\n\t\t\t\t\t<rs-slides style=\"overflow: hidden; position: absolute;\">\n\t\t\t\t\t\t<rs-slide style=\"position: absolute;\" data-key=\"rs-24\" data-title=\"Video\" data-anim=\"adpr:false;ms:300;\" data-in=\"row:7;col:7;\">\n\t\t\t\t\t\t\t<img decoding=\"async\" src=\"\/\/diamant.graphics\/wp-content\/plugins\/revslider\/sr6\/assets\/assets\/dummy.png\" alt=\"Video\" title=\"Videos\" class=\"rev-slidebg tp-rs-img rs-lazyload\" data-lazyload=\"\/\/diamant.graphics\/wp-content\/plugins\/revslider\/sr6\/assets\/assets\/transparent.png\" data-bg=\"p:center top;c:#000000;\" data-no-retina>\n<!--\n\t\t\t\t\t\t\t--><rs-layer\n\t\t\t\t\t\t\t\tid=\"slider-5-slide-24-layer-0\" \n\t\t\t\t\t\t\t\tclass=\"rs-layer-video intrinsic-ignore\"\n\t\t\t\t\t\t\t\tdata-type=\"video\"\n\t\t\t\t\t\t\t\tdata-rsp_ch=\"on\"\n\t\t\t\t\t\t\t\tdata-xy=\"x:20px;y:20px;\"\n\t\t\t\t\t\t\t\tdata-dim=\"w:318;h:360;\"\n\t\t\t\t\t\t\t\tdata-video=\"vfc:true;twa:false;vd:100;rwd:f;l:false;ptimer:false;nse:f;\"\n\t\t\t\t\t\t\t\tdata-mp4=\"\/\/diamant.graphics\/ring.mp4\"\n\t\t\t\t\t\t\t\tdata-frame_1=\"st:500;\"\n\t\t\t\t\t\t\t\tdata-frame_999=\"st:89400;auto:true;\"\n\t\t\t\t\t\t\t\tstyle=\"z-index:5;\"\n\t\t\t\t\t\t\t>\n\t\t\t\t\t\t\t<\/rs-layer><!--\n\n\t\t\t\t\t\t\t--><rs-layer\n\t\t\t\t\t\t\t\tid=\"slider-5-slide-24-layer-1\" \n\t\t\t\t\t\t\t\tdata-type=\"image\"\n\t\t\t\t\t\t\t\tdata-rsp_ch=\"on\"\n\t\t\t\t\t\t\t\tdata-xy=\"x:c;y:c;\"\n\t\t\t\t\t\t\t\tdata-dim=\"w:360;h:361;\"\n\t\t\t\t\t\t\t\tdata-frame_1=\"st:500;\"\n\t\t\t\t\t\t\t\tdata-frame_999=\"st:89400;auto:true;\"\n\t\t\t\t\t\t\t\tstyle=\"z-index:6;\"\n\t\t\t\t\t\t\t><img decoding=\"async\" src=\"\/\/diamant.graphics\/wp-content\/plugins\/revslider\/sr6\/assets\/assets\/dummy.png\" alt=\"\" class=\"tp-rs-img rs-lazyload\" width=\"901\" height=\"1020\" data-lazyload=\"\/\/diamant.graphics\/wp-content\/uploads\/2016\/01\/background_video-1.png\" data-no-retina> \n\t\t\t\t\t\t\t<\/rs-layer><!--\n-->\t\t\t\t\t<\/rs-slide>\n\t\t\t\t\t\t<rs-slide style=\"position: absolute;\" data-key=\"rs-241\" data-title=\"Video\" data-anim=\"adpr:false;ms:300;\" data-in=\"row:7;col:7;\">\n\t\t\t\t\t\t\t<img decoding=\"async\" src=\"\/\/diamant.graphics\/wp-content\/plugins\/revslider\/sr6\/assets\/assets\/dummy.png\" alt=\"\" title=\"Videos\" class=\"rev-slidebg tp-rs-img rs-lazyload\" data-lazyload=\"\/\/diamant.graphics\/wp-content\/plugins\/revslider\/sr6\/assets\/assets\/transparent.png\" data-bg=\"p:center top;c:#000000;\" data-no-retina>\n<!--\n\t\t\t\t\t\t\t--><rs-layer\n\t\t\t\t\t\t\t\tid=\"slider-5-slide-241-layer-0\" \n\t\t\t\t\t\t\t\tclass=\"rs-layer-video intrinsic-ignore\"\n\t\t\t\t\t\t\t\tdata-type=\"video\"\n\t\t\t\t\t\t\t\tdata-rsp_ch=\"on\"\n\t\t\t\t\t\t\t\tdata-xy=\"x:20px;y:20px;\"\n\t\t\t\t\t\t\t\tdata-dim=\"w:318;h:360;\"\n\t\t\t\t\t\t\t\tdata-video=\"vfc:true;twa:false;vd:100;rwd:f;l:false;ptimer:false;nse:f;\"\n\t\t\t\t\t\t\t\tdata-mp4=\"\/\/diamant.graphics\/ring.mp4\"\n\t\t\t\t\t\t\t\tdata-frame_1=\"st:500;\"\n\t\t\t\t\t\t\t\tdata-frame_999=\"st:89400;auto:true;\"\n\t\t\t\t\t\t\t\tstyle=\"z-index:5;\"\n\t\t\t\t\t\t\t>\n\t\t\t\t\t\t\t<\/rs-layer><!--\n\n\t\t\t\t\t\t\t--><rs-layer\n\t\t\t\t\t\t\t\tid=\"slider-5-slide-241-layer-1\" \n\t\t\t\t\t\t\t\tdata-type=\"image\"\n\t\t\t\t\t\t\t\tdata-rsp_ch=\"on\"\n\t\t\t\t\t\t\t\tdata-xy=\"x:c;y:c;\"\n\t\t\t\t\t\t\t\tdata-dim=\"w:360;h:361;\"\n\t\t\t\t\t\t\t\tdata-frame_1=\"st:500;\"\n\t\t\t\t\t\t\t\tdata-frame_999=\"st:89400;auto:true;\"\n\t\t\t\t\t\t\t\tstyle=\"z-index:6;\"\n\t\t\t\t\t\t\t><img decoding=\"async\" src=\"\/\/diamant.graphics\/wp-content\/plugins\/revslider\/sr6\/assets\/assets\/dummy.png\" alt=\"\" class=\"tp-rs-img rs-lazyload\" width=\"901\" height=\"1020\" data-lazyload=\"\/\/diamant.graphics\/wp-content\/uploads\/2016\/01\/background_video-1.png\" data-no-retina> \n\t\t\t\t\t\t\t<\/rs-layer><!--\n-->\t\t\t\t\t<\/rs-slide>\n\t\t\t\t\t<\/rs-slides>\n\t\t\t\t<\/rs-module>\n\t\t\t\t<script>\n\t\t\t\t\tsetREVStartSize({c: 'rev_slider_5_1',rl:[1240,1024,778,480],el:[360],gw:[360],gh:[360],type:'standard',justify:'',layout:'fullwidth',mh:\"360\"});if (window.RS_MODULES!==undefined && window.RS_MODULES.modules!==undefined && window.RS_MODULES.modules[\"revslider51\"]!==undefined) {window.RS_MODULES.modules[\"revslider51\"].once = false;window.revapi5 = undefined;if (window.RS_MODULES.checkMinimal!==undefined) window.RS_MODULES.checkMinimal()}\n\t\t\t\t<\/script>\n\t\t\t<\/rs-module-wrap>\n\t\t\t<!-- END REVOLUTION SLIDER -->\n<\/div><div class=\"vc_empty_space\"   style=\"height: 100px\"><span class=\"vc_empty_space_inner\"><\/span><\/div><\/div><\/div><\/div><\/div><\/div><div class=\"stripe stripe-style-1\" style=\"background-position: top;background-repeat: no-repeat;background-attachment: scroll;background-size: auto;padding-top: 0px;padding-bottom: 50px;margin-top: 0px;margin-bottom: 0px\"><div class=\"vc_row wpb_row vc_row-fluid\" style=\"\"><div class=\"wpb_column vc_column_container vc_col-sm-4\"><div class=\"vc_column-inner\"><div class=\"wpb_wrapper\">\n\t<div class=\"wpb_video_widget wpb_content_element vc_clearfix   vc_video-aspect-ratio-169 vc_video-el-width-100 vc_video-align-left\" >\n\t\t<div class=\"wpb_wrapper\">\n\t\t\t\n\t\t\t<div class=\"wpb_video_wrapper\"><iframe loading=\"lazy\" title=\"Diamant und rosa Saphire in 4K gefasst. Schmuck-Rendering.\" width=\"500\" height=\"281\" src=\"https:\/\/www.youtube.com\/embed\/VD0BPupbxeg?feature=oembed\" frameborder=\"0\" allow=\"accelerometer; autoplay; clipboard-write; encrypted-media; gyroscope; picture-in-picture; web-share\" allowfullscreen><\/iframe><\/div>\n\t\t<\/div>\n\t<\/div>\n<\/div><\/div><\/div><div class=\"wpb_column vc_column_container vc_col-sm-4\"><div class=\"vc_column-inner\"><div class=\"wpb_wrapper\">\n\t<div class=\"wpb_video_widget wpb_content_element vc_clearfix   vc_video-aspect-ratio-169 vc_video-el-width-100 vc_video-align-left\" >\n\t\t<div class=\"wpb_wrapper\">\n\t\t\t\n\t\t\t<div class=\"wpb_video_wrapper\"><iframe loading=\"lazy\" title=\"2,00 ct Diamantring in 4K\" width=\"500\" height=\"281\" src=\"https:\/\/www.youtube.com\/embed\/IccyUxIeu9w?feature=oembed\" frameborder=\"0\" allow=\"accelerometer; autoplay; clipboard-write; encrypted-media; gyroscope; picture-in-picture; web-share\" allowfullscreen><\/iframe><\/div>\n\t\t<\/div>\n\t<\/div>\n<\/div><\/div><\/div><div class=\"wpb_column vc_column_container vc_col-sm-4\"><div class=\"vc_column-inner\"><div class=\"wpb_wrapper\">\n\t<div class=\"wpb_video_widget wpb_content_element vc_clearfix   vc_video-aspect-ratio-169 vc_video-el-width-100 vc_video-align-left\" >\n\t\t<div class=\"wpb_wrapper\">\n\t\t\t\n\t\t\t<div class=\"wpb_video_wrapper\"><iframe loading=\"lazy\" title=\"Herrenringe in verschiedenen Steinfarben.\" width=\"500\" height=\"281\" src=\"https:\/\/www.youtube.com\/embed\/NCkcMO-4jQ4?feature=oembed\" frameborder=\"0\" allow=\"accelerometer; autoplay; clipboard-write; encrypted-media; gyroscope; picture-in-picture; web-share\" allowfullscreen><\/iframe><\/div>\n\t\t<\/div>\n\t<\/div>\n<\/div><\/div><\/div><\/div><\/div><div class=\"stripe stripe-style-1\" style=\"background-position: top;background-repeat: no-repeat;background-attachment: scroll;background-size: auto;padding-top: 0px;padding-bottom: 50px;margin-top: 0px;margin-bottom: -50px\"><div class=\"vc_row wpb_row vc_row-fluid\" style=\"\"><div class=\"wpb_column vc_column_container vc_col-sm-4\"><div class=\"vc_column-inner\"><div class=\"wpb_wrapper\">\n\t<div class=\"wpb_video_widget wpb_content_element vc_clearfix   vc_video-aspect-ratio-169 vc_video-el-width-100 vc_video-align-left\" >\n\t\t<div class=\"wpb_wrapper\">\n\t\t\t\n\t\t\t<div class=\"wpb_video_wrapper\"><iframe loading=\"lazy\" title=\"Mattierter Fancy Color Diamantring mit Ohrringen. Schmuck Rendering.\" width=\"500\" height=\"281\" src=\"https:\/\/www.youtube.com\/embed\/TSkvzTjnrAw?feature=oembed\" frameborder=\"0\" allow=\"accelerometer; autoplay; clipboard-write; encrypted-media; gyroscope; picture-in-picture; web-share\" allowfullscreen><\/iframe><\/div>\n\t\t<\/div>\n\t<\/div>\n<\/div><\/div><\/div><div class=\"wpb_column vc_column_container vc_col-sm-4\"><div class=\"vc_column-inner\"><div class=\"wpb_wrapper\">\n\t<div class=\"wpb_video_widget wpb_content_element vc_clearfix   vc_video-aspect-ratio-169 vc_video-el-width-100 vc_video-align-left\" >\n\t\t<div class=\"wpb_wrapper\">\n\t\t\t\n\t\t\t<div class=\"wpb_video_wrapper\"><iframe loading=\"lazy\" title=\"Ringe mit 2,82 kt. Diamanten, Saphiren und Rubinen\" width=\"500\" height=\"281\" src=\"https:\/\/www.youtube.com\/embed\/5Wd9BzPksIA?feature=oembed\" frameborder=\"0\" allow=\"accelerometer; autoplay; clipboard-write; encrypted-media; gyroscope; picture-in-picture; web-share\" allowfullscreen><\/iframe><\/div>\n\t\t<\/div>\n\t<\/div>\n<\/div><\/div><\/div><div class=\"wpb_column vc_column_container vc_col-sm-4\"><div class=\"vc_column-inner\"><div class=\"wpb_wrapper\">\n\t<div class=\"wpb_video_widget wpb_content_element vc_clearfix   vc_video-aspect-ratio-169 vc_video-el-width-100 vc_video-align-left\" >\n\t\t<div class=\"wpb_wrapper\">\n\t\t\t\n\t\t\t<div class=\"wpb_video_wrapper\"><iframe loading=\"lazy\" title=\"Diamantring mit Fancy-Schliff, Schmuckvisualisierung.\" width=\"500\" height=\"281\" src=\"https:\/\/www.youtube.com\/embed\/NpKYyHKro7U?feature=oembed\" frameborder=\"0\" allow=\"accelerometer; autoplay; clipboard-write; encrypted-media; gyroscope; picture-in-picture; web-share\" allowfullscreen><\/iframe><\/div>\n\t\t<\/div>\n\t<\/div>\n<\/div><\/div><\/div><\/div><\/div>\n<\/div>","protected":false},"excerpt":{"rendered":"<p>Die verf\u00fchrerische Welt der 3D-Videos 3D-Animation gibt uns unbegrenzte kreative Freiheit, da wir keine teuren Kulissen oder Dekorationen ben\u00f6tigen. Unsere Kunden k\u00f6nnen jedes winzige Detail ihrer fotorealistischen Schmuckmodelle aus jedem Winkel, mit jedem Licht, jedem Hintergrund, jedem Edelstein und jedem visuellen Effekt sehen. Wir verwenden standardm\u00e4\u00dfig eine 1080p-Aufl\u00f6sung f\u00fcr unsere 3D-Videos, aber wir bieten auch&hellip;<\/p>","protected":false},"author":1,"featured_media":0,"parent":0,"menu_order":0,"comment_status":"closed","ping_status":"open","template":"template-microsite.php","meta":{"footnotes":""},"class_list":["post-38319","page","type-page","status-publish","hentry","description-off"],"yoast_head":"<!-- This site is optimized with the Yoast SEO plugin v26.9 - https:\/\/yoast.com\/product\/yoast-seo-wordpress\/ -->\n<title>Schmuckanimation und Video - Bewegung bringt mehr Glanz!<\/title>\n<meta name=\"description\" content=\"diamant.graphics produziert alle Arten von Schmuckanimationen und -videos. Die 1080p-Aufl\u00f6sung ist eine Grundvoraussetzung, aber die 4K-Aufl\u00f6sung sorgt f\u00fcr die extreme Detailgenauigkeit von Juwelen.\" \/>\n<meta name=\"robots\" content=\"index, follow, max-snippet:-1, max-image-preview:large, max-video-preview:-1\" \/>\n<link rel=\"canonical\" href=\"https:\/\/diamant.graphics\/de\/videos\/\" \/>\n<meta property=\"og:locale\" content=\"de_DE\" \/>\n<meta property=\"og:type\" content=\"article\" \/>\n<meta property=\"og:title\" content=\"Schmuckanimation und Video - Bewegung bringt mehr Glanz!\" \/>\n<meta property=\"og:description\" content=\"diamant.graphics produziert alle Arten von Schmuckanimationen und -videos. Die 1080p-Aufl\u00f6sung ist eine Grundvoraussetzung, aber die 4K-Aufl\u00f6sung sorgt f\u00fcr die extreme Detailgenauigkeit von Juwelen.\" \/>\n<meta property=\"og:url\" content=\"https:\/\/diamant.graphics\/de\/videos\/\" \/>\n<meta property=\"og:site_name\" content=\"diamant.graphics\" \/>\n<meta property=\"article:modified_time\" content=\"2023-11-25T23:28:29+00:00\" \/>\n<meta name=\"twitter:card\" content=\"summary_large_image\" \/>\n<meta name=\"twitter:label1\" content=\"Gesch\u00e4tzte Lesezeit\" \/>\n\t<meta name=\"twitter:data1\" content=\"2\u00a0Minuten\" \/>\n<script type=\"application\/ld+json\" class=\"yoast-schema-graph\">{\"@context\":\"https:\/\/schema.org\",\"@graph\":[{\"@type\":\"WebPage\",\"@id\":\"https:\/\/diamant.graphics\/de\/videos\/\",\"url\":\"https:\/\/diamant.graphics\/de\/videos\/\",\"name\":\"Schmuckanimation und Video - Bewegung bringt mehr Glanz!\",\"isPartOf\":{\"@id\":\"https:\/\/diamant.graphics\/#website\"},\"datePublished\":\"2015-08-04T12:20:05+00:00\",\"dateModified\":\"2023-11-25T23:28:29+00:00\",\"description\":\"diamant.graphics produziert alle Arten von Schmuckanimationen und -videos. Die 1080p-Aufl\u00f6sung ist eine Grundvoraussetzung, aber die 4K-Aufl\u00f6sung sorgt f\u00fcr die extreme Detailgenauigkeit von Juwelen.\",\"breadcrumb\":{\"@id\":\"https:\/\/diamant.graphics\/de\/videos\/#breadcrumb\"},\"inLanguage\":\"de\",\"potentialAction\":[{\"@type\":\"ReadAction\",\"target\":[\"https:\/\/diamant.graphics\/de\/videos\/\"]}]},{\"@type\":\"BreadcrumbList\",\"@id\":\"https:\/\/diamant.graphics\/de\/videos\/#breadcrumb\",\"itemListElement\":[{\"@type\":\"ListItem\",\"position\":1,\"name\":\"Home\",\"item\":\"https:\/\/diamant.graphics\/\"},{\"@type\":\"ListItem\",\"position\":2,\"name\":\"Videos\"}]},{\"@type\":\"WebSite\",\"@id\":\"https:\/\/diamant.graphics\/#website\",\"url\":\"https:\/\/diamant.graphics\/\",\"name\":\"diamant.graphics\",\"description\":\"jewelry renderings\",\"publisher\":{\"@id\":\"https:\/\/diamant.graphics\/#organization\"},\"potentialAction\":[{\"@type\":\"SearchAction\",\"target\":{\"@type\":\"EntryPoint\",\"urlTemplate\":\"https:\/\/diamant.graphics\/?s={search_term_string}\"},\"query-input\":{\"@type\":\"PropertyValueSpecification\",\"valueRequired\":true,\"valueName\":\"search_term_string\"}}],\"inLanguage\":\"de\"},{\"@type\":\"Organization\",\"@id\":\"https:\/\/diamant.graphics\/#organization\",\"name\":\"diamant.graphics\",\"url\":\"https:\/\/diamant.graphics\/\",\"logo\":{\"@type\":\"ImageObject\",\"inLanguage\":\"de\",\"@id\":\"https:\/\/diamant.graphics\/#\/schema\/logo\/image\/\",\"url\":\"https:\/\/diamant.graphics\/wp-content\/uploads\/2016\/01\/diamant.graphics-logo80_blue.png\",\"contentUrl\":\"https:\/\/diamant.graphics\/wp-content\/uploads\/2016\/01\/diamant.graphics-logo80_blue.png\",\"width\":148,\"height\":80,\"caption\":\"diamant.graphics\"},\"image\":{\"@id\":\"https:\/\/diamant.graphics\/#\/schema\/logo\/image\/\"},\"sameAs\":[\"https:\/\/www.youtube.com\/channel\/UCf8iMkWS_VsldzrnYMDaB8A\"]}]}<\/script>\n<!-- \/ Yoast SEO plugin. -->","yoast_head_json":{"title":"Schmuckanimation und Video - Bewegung bringt mehr Glanz!","description":"diamant.graphics produziert alle Arten von Schmuckanimationen und -videos. Die 1080p-Aufl\u00f6sung ist eine Grundvoraussetzung, aber die 4K-Aufl\u00f6sung sorgt f\u00fcr die extreme Detailgenauigkeit von Juwelen.","robots":{"index":"index","follow":"follow","max-snippet":"max-snippet:-1","max-image-preview":"max-image-preview:large","max-video-preview":"max-video-preview:-1"},"canonical":"https:\/\/diamant.graphics\/de\/videos\/","og_locale":"de_DE","og_type":"article","og_title":"Schmuckanimation und Video - Bewegung bringt mehr Glanz!","og_description":"diamant.graphics produziert alle Arten von Schmuckanimationen und -videos. Die 1080p-Aufl\u00f6sung ist eine Grundvoraussetzung, aber die 4K-Aufl\u00f6sung sorgt f\u00fcr die extreme Detailgenauigkeit von Juwelen.","og_url":"https:\/\/diamant.graphics\/de\/videos\/","og_site_name":"diamant.graphics","article_modified_time":"2023-11-25T23:28:29+00:00","twitter_card":"summary_large_image","twitter_misc":{"Gesch\u00e4tzte Lesezeit":"2\u00a0Minuten"},"schema":{"@context":"https:\/\/schema.org","@graph":[{"@type":"WebPage","@id":"https:\/\/diamant.graphics\/de\/videos\/","url":"https:\/\/diamant.graphics\/de\/videos\/","name":"Schmuckanimation und Video - Bewegung bringt mehr Glanz!","isPartOf":{"@id":"https:\/\/diamant.graphics\/#website"},"datePublished":"2015-08-04T12:20:05+00:00","dateModified":"2023-11-25T23:28:29+00:00","description":"diamant.graphics produziert alle Arten von Schmuckanimationen und -videos. Die 1080p-Aufl\u00f6sung ist eine Grundvoraussetzung, aber die 4K-Aufl\u00f6sung sorgt f\u00fcr die extreme Detailgenauigkeit von Juwelen.","breadcrumb":{"@id":"https:\/\/diamant.graphics\/de\/videos\/#breadcrumb"},"inLanguage":"de","potentialAction":[{"@type":"ReadAction","target":["https:\/\/diamant.graphics\/de\/videos\/"]}]},{"@type":"BreadcrumbList","@id":"https:\/\/diamant.graphics\/de\/videos\/#breadcrumb","itemListElement":[{"@type":"ListItem","position":1,"name":"Home","item":"https:\/\/diamant.graphics\/"},{"@type":"ListItem","position":2,"name":"Videos"}]},{"@type":"WebSite","@id":"https:\/\/diamant.graphics\/#website","url":"https:\/\/diamant.graphics\/","name":"diamant.grafik","description":"Schmuck-Renderings","publisher":{"@id":"https:\/\/diamant.graphics\/#organization"},"potentialAction":[{"@type":"SearchAction","target":{"@type":"EntryPoint","urlTemplate":"https:\/\/diamant.graphics\/?s={search_term_string}"},"query-input":{"@type":"PropertyValueSpecification","valueRequired":true,"valueName":"search_term_string"}}],"inLanguage":"de"},{"@type":"Organization","@id":"https:\/\/diamant.graphics\/#organization","name":"diamant.grafik","url":"https:\/\/diamant.graphics\/","logo":{"@type":"ImageObject","inLanguage":"de","@id":"https:\/\/diamant.graphics\/#\/schema\/logo\/image\/","url":"https:\/\/diamant.graphics\/wp-content\/uploads\/2016\/01\/diamant.graphics-logo80_blue.png","contentUrl":"https:\/\/diamant.graphics\/wp-content\/uploads\/2016\/01\/diamant.graphics-logo80_blue.png","width":148,"height":80,"caption":"diamant.graphics"},"image":{"@id":"https:\/\/diamant.graphics\/#\/schema\/logo\/image\/"},"sameAs":["https:\/\/www.youtube.com\/channel\/UCf8iMkWS_VsldzrnYMDaB8A"]}]}},"_links":{"self":[{"href":"https:\/\/diamant.graphics\/de\/wp-json\/wp\/v2\/pages\/38319","targetHints":{"allow":["GET"]}}],"collection":[{"href":"https:\/\/diamant.graphics\/de\/wp-json\/wp\/v2\/pages"}],"about":[{"href":"https:\/\/diamant.graphics\/de\/wp-json\/wp\/v2\/types\/page"}],"author":[{"embeddable":true,"href":"https:\/\/diamant.graphics\/de\/wp-json\/wp\/v2\/users\/1"}],"replies":[{"embeddable":true,"href":"https:\/\/diamant.graphics\/de\/wp-json\/wp\/v2\/comments?post=38319"}],"version-history":[{"count":3,"href":"https:\/\/diamant.graphics\/de\/wp-json\/wp\/v2\/pages\/38319\/revisions"}],"predecessor-version":[{"id":38436,"href":"https:\/\/diamant.graphics\/de\/wp-json\/wp\/v2\/pages\/38319\/revisions\/38436"}],"wp:attachment":[{"href":"https:\/\/diamant.graphics\/de\/wp-json\/wp\/v2\/media?parent=38319"}],"curies":[{"name":"wp","href":"https:\/\/api.w.org\/{rel}","templated":true}]}}