{"id":38442,"date":"2023-11-26T18:41:57","date_gmt":"2023-11-26T15:41:57","guid":{"rendered":"https:\/\/diamant.graphics\/privacy-statement-eu\/"},"modified":"2023-11-26T18:58:37","modified_gmt":"2023-11-26T15:58:37","slug":"privacy-statement-eu","status":"publish","type":"page","link":"https:\/\/diamant.graphics\/de\/privacy-statement-eu\/","title":{"rendered":"Erkl\u00e4rung zum Datenschutz (EU)"},"content":{"rendered":"<!-- Legal document generated by Complianz | GDPR\/CCPA Cookie Consent https:\/\/wordpress.org\/plugins\/complianz-gdpr -->\n<div id=\"cmplz-document\" class=\"cmplz-document privacy-statement cmplz-document-eu\"><p><i>Diese Datenschutzerkl\u00e4rung wurde zuletzt am 13.11.2025 aktualisiert und gilt f\u00fcr B\u00fcrger und Personen mit st\u00e4ndigem Wohnsitz im Europ\u00e4ischen Wirtschaftsraum und der Schweiz.<\/i><br \/><br \/><\/p><p><p>In dieser Datenschutzerkl\u00e4rung erkl\u00e4ren wir, was wir mit den Daten, die wir \u00fcber dich via <a href=\"https:\/\/diamant.graphics\/de\">https:\/\/diamant.graphics\/de<\/a> gesammelt haben, tun. Wir empfehlen Ihnen, dieses Dokument sorgf\u00e4ltig zu lesen. W\u00e4hrend unserer Verarbeitung entsprechen wir den gesetzlichen Anforderungen. Dies bedeutet unter anderem:<\/p><ul>\n                <li>Wir geben klar die Zwecke f\u00fcr die wir pers\u00f6nliche Daten verarbeiten, an. Dies geschieht durch diese Datenschutzerkl\u00e4rung.<\/li>\n                <li>Wir zielen darauf ab, unsere Sammlung von pers\u00f6nlichen Daten auf jene pers\u00f6nlichen Daten zu beschr\u00e4nken, die aus legitimen Gr\u00fcnden ben\u00f6tigt werden.<\/li>\n                <li>Wir werden zun\u00e4chst dein explizites Einverst\u00e4ndnis einholen, wenn dies notwendig sein sollte, um deine pers\u00f6nlichen Daten zu verarbeiten.<\/li>\n                <li>Wir unternehmen angemessene Sicherheitsma\u00dfnahmen um deine pers\u00f6nlichen Daten zu sch\u00fctzen und verlangen dies ebenso von Parteien, die pers\u00f6nliche Daten in unserem Auftrag verarbeiten.<\/li>\n                <li>Wir respektieren Ihr Recht auf Einsichtnahme, Berichtigung oder L\u00f6schung Ihrer personenbezogenen Daten.<\/li>\n            <\/ul><p>Wenn du Fragen hast oder wissen m\u00f6chtest, welche pers\u00f6nlichen Daten wir \u00fcber dich haben, kontaktiere uns bitte.<\/p><\/p><h2>1. Zweck, Daten und Aufbewahrungsfrist<\/h2>Wir k\u00f6nnen personenbezogene Daten f\u00fcr eine Reihe von Zwecken im Zusammenhang mit unserer Gesch\u00e4ftst\u00e4tigkeit sammeln oder erhalten, darunter die folgenden: (zum Vergr\u00f6\u00dfern anklicken)<details class=\"cmplz-dropdown dropdown-privacy-statement\"><summary><div><h3>1.1 Kontakt - per Telefon, Post, E-Mail und\/oder Webformate<\/h3><\/div><\/summary><p class=\"cmplz-subtitle\">Zu diesem Zweck verwenden wir die folgenden Daten:<\/p><p><ul><li>Ein Vor- und Nachname<\/li><li>Eine E-Mail-Adresse<\/li><li>Eine Telefonnummer<\/li><\/ul><\/p><p class=\"cmplz-subtitle\">Die Grundlage, auf der wir diese Daten verarbeiten k\u00f6nnen, ist:<\/p><p><a target=\"_blank\" rel=\"noopener noreferrer nofollow\" href=\"https:\/\/cookiedatabase.org\/legal-bases\/#consent\">Nach Erteilung der Zustimmung.<\/a><\/p><p class=\"cmplz-subtitle\">Bewahrungsfrist<\/p><p>Wir speichern diese Daten bis zur Beendigung des Dienstes.<\/p><\/details><h2>2. Cookies<\/h2><p>Unsere Website verwendet Cookies. F\u00fcr mehr Informationen \u00fcber Cookies schaue bitte unter unseren <a href=\"https:\/\/diamant.graphics\/de\/cookie-policy-eu\/\">Cookie-Richtlinien<\/a> nach.&nbsp;<\/p><h2>3. Offenlegungspraktiken<\/h2><p><p>Wir legen personenbezogene Daten offen, wenn wir gesetzlich oder per Gerichtsbeschluss dazu verpflichtet sind, z. B. auf Anforderung einer Strafverfolgungsbeh\u00f6rde, soweit dies im Rahmen der gesetzlichen Bestimmungen zul\u00e4ssig ist, um Ausk\u00fcnfte zu erteilen, oder f\u00fcr eine Untersuchung in einer Angelegenheit, die die \u00f6ffentliche Sicherheit betrifft.<\/p><p>Wenn unsere Website oder unser Unternehmen im Rahmen einer Fusion oder \u00dcbernahme \u00fcbernommen oder verkauft wird, k\u00f6nnen deine Daten unseren Beratern und potenziellen K\u00e4ufern offengelegt und an die neuen Eigent\u00fcmer \u00fcbermittelt werden.<\/p><\/p><p>Google darf die Daten nicht f\u00fcr andere Google-Dienste verwenden.<\/p><p>Die Einbeziehung der vollst\u00e4ndigen IP-Adresse ist von uns blockiert.<\/p><h2>4. Sicherheit<\/h2><p>Wir sind der Sicherheit pers\u00f6nlicher Daten verpflichtet. Wir unternehmen angemessene Sicherheitsma\u00dfnahmen um Missbrauch von und unautorisierten Zugriff auf pers\u00f6nliche Daten zu begrenzen. Dies stellt sicher, dass nur notwendige Personen Zugriff auf deine Daten erhalten, dieser Zugriff gesch\u00fctzt ist und dass unsere Sicherheitsma\u00dfnahmen regelm\u00e4\u00dfig gepr\u00fcft werden.<\/p><p>Die von uns verwendeten Sicherheitsma\u00dfnahmen umfassen:<\/p><p><ul><li>(START)TLS\/SSL\/DANE-Verschl\u00fcsselung<\/li><li>Erkennung von Schwachstellen<\/li><li>Login-Sicherheit<\/li><\/ul><\/p><h2>5. Websites von Drittanbietern<\/h2><p>Diese Datenschutzerkl\u00e4rung gilt nicht f\u00fcr Websites von Drittparteien, die durch Links auf unserer Website verbunden sind. Wir k\u00f6nnen nicht garantieren, dass diese Drittanbieter Ihre pers\u00f6nlichen Daten in verl\u00e4sslicher oder sicherer Weise behandeln. Wir empfehlen dir die Datenschutzerkl\u00e4rungen dieser Websites vor deren Nutzung zu lesen.<\/p><h2>6. Erg\u00e4nzungen zu dieser Datenschutzerkl\u00e4rung<\/h2><p>Wir behalten uns das Recht vor, \u00c4nderungen an dieser Datenschutzerkl\u00e4rung vorzunehmen. Es wird empfohlen, diese Datenschutzerkl\u00e4rung regelm\u00e4\u00dfig zu lesen, um sich \u00fcber \u00c4nderungen zu informieren. Dar\u00fcber hinaus informieren wir Sie wo immer m\u00f6glich.<\/p><h2>7. Zugriff und Bearbeitung deiner Daten<\/h2><p>Wenn du Fragen hast oder wissen m\u00f6chtest, welche pers\u00f6nlichen Daten wir \u00fcber dich haben, kontaktiere uns bitte. Du kannst uns mittels der unten stehenden Informationen erreichen. Du hast die folgenden Rechte:<\/p><ul>\n                <li>Du hast das Recht zu wissen, warum deine pers\u00f6nlichen Daten gebraucht werden, was mit ihnen passiert und wie lange diese verwahrt werden.<\/li>\n                <li>Zugriffsrecht: Du hast das Recht deine uns bekannten pers\u00f6nlichen Daten einzusehen.<\/li>\n                <li>Recht auf Berichtigung: Du hast das Recht wann immer du w\u00fcnscht, deine pers\u00f6nlichen Daten zu erg\u00e4nzen, zu korrigieren sowie gel\u00f6scht oder blockiert zu bekommen.<\/li>\n                <li>Wenn du uns dein Einverst\u00e4ndnis zur Verarbeitung deiner Daten gegeben hast, hast du das Recht dieses Einverst\u00e4ndnis zu widerrufen und deine pers\u00f6nlichen Daten l\u00f6schen zu lassen.<\/li>\n                <li>Recht auf Datentransfer deiner Daten: Du hast das Recht, alle deine pers\u00f6nlichen Daten von einem Verantwortlichen anzufordern und in ihrer Gesamtheit zu einem anderen Verantwortlichen zu transferieren.<\/li>\n                <li>Widerspruchsrecht: Du kannst der Verarbeitung deiner Daten widersprechen. Wir entsprechen dem, es sei denn, es gibt berechtigte Gr\u00fcnde f\u00fcr die Verarbeitung.<\/li>\n            <\/ul><p>Bitte stelle sicher, dass du immer klar siehst, wer du bist, sodass wir sicher sein k\u00f6nnen, nicht die Daten der falschen Person zu bearbeiten oder zu l\u00f6schen.<\/p><h2>8. Eine Beschwerde \u00fcbermitteln<\/h2><p>Wenn du nicht zufrieden mit der Art und Weise bist, in der wir (deine Beschwerde) die Verarbeitung deiner pers\u00f6nlichen Daten handhaben, hast du das Recht eine Beschwerde an die Datenschutzbeh\u00f6rde zu richten.<\/p><h2>9. Kontaktdaten<\/h2><p>Anton Wlasenko<br \/>\n        Hackstr. 17<br \/>\n70190 Stuttgart<br \/>\n        Deutschland<br \/>\n        Website: <a href=\"https:\/\/diamant.graphics\/de\">https:\/\/diamant.graphics\/de<\/a> <br \/>\n        E-Mail: <span class=\"cmplz-obfuscate\">info@<span class=\"cmplz-fmail-domain\">ex.com<\/span>&#100;ia&#109;a&#110;&#116;.gr&#097;&#112;&#104;&#105;&#099;&#115;<\/span> <br \/>\n        Telefonnummer: +4915779804554<\/p><h2>10. Datenanfrage<\/h2><p>F\u00fcr die am h\u00e4ufigsten gestellten Anfragen bieten wir auch die M\u00f6glichkeit, unser Datenanfrageformular zu nutzen<br \/>\t\t\t<div class=\"cmplz-datarequest cmplz-alert\">\n\t\t\t\t<span class=\"cmplz-close\">\u00d7<\/span>\n\t\t\t\t<span id=\"cmplz-message\"><\/span>\n\t\t\t<\/div>\n\t\t\t<form id=\"cmplz-datarequest-form\" action=\"\">\n\t\t\t\t<input type=\"hidden\" required value=\"eu\" name=\"cmplz_datarequest_region\" id=\"cmplz_datarequest_region\">\n\n\t\t\t\t<label for=\"cmplz_datarequest_firstname\" class=\"cmplz-first-name\">Name\t\t\t\t\t<input type=\"search\" class=\"datarequest-firstname\" value=\"\" placeholder=\"Ihr Vorname\" id=\"cmplz_datarequest_firstname\" name=\"cmplz_datarequest_firstname\">\n\t\t\t\t<\/label>\n\t\t\t\t<div>\n\t\t\t\t\t<label for=\"cmplz_datarequest_name\">Name<\/label>\n\t\t\t\t\t<input type=\"text\" required value=\"\" placeholder=\"Dein Name\" id=\"cmplz_datarequest_name\" name=\"cmplz_datarequest_name\">\n\t\t\t\t<\/div>\n\t\t\t\t<div>\n\t\t\t\t\t<label for=\"cmplz_datarequest_email\">E-Mail<\/label>\n\t\t\t\t\t<input type=\"email\" required value=\"\" placeholder=\"email@email.com\" id=\"cmplz_datarequest_email\" name=\"cmplz_datarequest_email\">\n\t\t\t\t<\/div>\n\t\t\t\t\t\t\t\t\t\t<div class=\"cmplz_datarequest cmplz_datarequest_request_for_access\">\n\t\t\t\t\t\t\t<label for=\"cmplz_datarequest_request_for_access\">\n\t\t\t\t\t\t\t\t<input type=\"checkbox\" value=\"1\" name=\"cmplz_datarequest_request_for_access\" id=\"cmplz_datarequest_request_for_access\" \/>\n\t\t\t\t\t\t\t\tStelle einen Antrag auf Zugang zu den Daten, die wir \u00fcber dich verarbeiten.\t\t\t\t\t\t\t<\/label>\n\t\t\t\t\t\t<\/div>\n\t\t\t\t\t\t\t\t\t\t<div class=\"cmplz_datarequest cmplz_datarequest_right_to_be_forgotten\">\n\t\t\t\t\t\t\t<label for=\"cmplz_datarequest_right_to_be_forgotten\">\n\t\t\t\t\t\t\t\t<input type=\"checkbox\" value=\"1\" name=\"cmplz_datarequest_right_to_be_forgotten\" id=\"cmplz_datarequest_right_to_be_forgotten\" \/>\n\t\t\t\t\t\t\t\tStelle einen Antrag auf L\u00f6schung der Daten, wenn sie nicht mehr relevant sind.\t\t\t\t\t\t\t<\/label>\n\t\t\t\t\t\t<\/div>\n\t\t\t\t\t\t\t\t\t\t<div class=\"cmplz_datarequest cmplz_datarequest_right_to_data_portability\">\n\t\t\t\t\t\t\t<label for=\"cmplz_datarequest_right_to_data_portability\">\n\t\t\t\t\t\t\t\t<input type=\"checkbox\" value=\"1\" name=\"cmplz_datarequest_right_to_data_portability\" id=\"cmplz_datarequest_right_to_data_portability\" \/>\n\t\t\t\t\t\t\t\tStelle einen Antrag auf eine Exportdatei der Daten, die wir \u00fcber dich verarbeiten.\t\t\t\t\t\t\t<\/label>\n\t\t\t\t\t\t<\/div>\n\t\t\t\t\t\t\t\t<input type=\"button\" id=\"cmplz-datarequest-submit\" value=\"Senden\">\n\t\t\t<input type=\"hidden\" name=\"trp-form-language\" value=\"de\"\/><\/form>\n\n\t\t\t<style>\n\t\t\t\t\/* first-name is honeypot *\/\n\t\t\t\t.cmplz-first-name {\n\t\t\t\t\tposition: absolute !important;\n\t\t\t\t\tleft: -5000px !important;\n\t\t\t\t}\n\t\t\t<\/style>\n\t\t\t<\/p><h2>Anhang<\/h2><p><h2>WPML<\/h2><p>WPML verwendet Cookies, um die aktuelle Sprache des Besuchers, die zuletzt besuchte Sprache und die Sprache der eingeloggten Benutzer zu identifizieren.<\/p><p>W\u00e4hrend Sie das Plugin verwenden, gibt WPML \u00fcber den Installer Daten \u00fcber die Website weiter. Es werden keine Daten des Benutzers selbst weitergegeben.<\/p><h2>Wirklich einfaches SSL<\/h2><p>Really Simple SSL und Really Simple SSL-Add-ons verarbeiten keine personenbezogenen Daten, so dass die DSGVO nicht f\u00fcr diese Plug-ins oder die Verwendung dieser Plug-ins auf Ihrer Website gilt. Sie finden unsere Datenschutzrichtlinie <a href=\"https:\/\/really-simple-ssl.com\/privacy-statement\/\">hier<\/a>.<\/p><h2>Wirklich einfaches SSL<\/h2><p>Really Simple SSL und Really Simple SSL-Add-ons verarbeiten keine personenbezogenen Daten, so dass die DSGVO nicht f\u00fcr diese Plug-ins oder die Verwendung dieser Plug-ins auf Ihrer Website gilt. Sie finden unsere Datenschutzrichtlinie <a href=\"https:\/\/really-simple-ssl.com\/privacy-statement\/\">hier<\/a>.<\/p><h2>Schieberegler Revolution<\/h2><h2>Falls Sie Google Web Fonts (Standard) verwenden oder Videos oder T\u00f6ne \u00fcber YouTube oder Vimeo in Slider Revolution abspielen, empfehlen wir, die entsprechende Textphrase zu Ihrer Datenschutzpolizei hinzuzuf\u00fcgen:<\/h2><h3>YouTube<\/h3><p>Unsere Website nutzt Plugins von YouTube, das von Google betrieben wird. Der Betreiber der Seiten ist die YouTube LLC, 901 Cherry Ave. in San Bruno, CA 94066, USA.<\/p><p>Wenn Sie eine unserer mit einem YouTube-Plugin versehenen Seiten besuchen, wird eine Verbindung zu den YouTube-Servern hergestellt. Dabei wird dem YouTube-Server mitgeteilt, welche unserer Seiten Sie besucht haben.<\/p><p>Wenn Sie in Ihrem YouTube-Konto eingeloggt sind, erlaubt Ihnen YouTube, Ihr Surfverhalten direkt mit Ihrem pers\u00f6nlichen Profil zu verkn\u00fcpfen. Sie k\u00f6nnen dies verhindern, indem Sie sich bei Ihrem YouTube-Konto abmelden.<\/p><p>YouTube wird genutzt, um unsere Website ansprechend zu gestalten. Dies stellt ein berechtigtes Interesse im Sinne von Art. 6 Abs. 1 lit. f) DSGVO dar.<\/p><p>Weitere Informationen zum Umgang mit Nutzerdaten finden Sie in der Datenschutzerkl\u00e4rung von YouTube unter <a href=\"https:\/\/www.google.de\/intl\/de\/policies\/privacy\">https:\/\/www.google.de\/intl\/de\/policies\/privacy<\/a>.<\/p><h3>Vimeo<\/h3><p>Unsere Website nutzt Funktionen, die vom Videoportal Vimeo bereitgestellt werden. Dieser Dienst wird von Vimeo Inc., 555 West 18th Street, New York, New York 10011, USA, bereitgestellt.<\/p><p>Wenn Sie eine unserer mit einem Vimeo-Plugin ausgestatteten Seiten besuchen, wird eine Verbindung zu den Servern von Vimeo hergestellt. Dabei wird dem Vimeo-Server mitgeteilt, welche unserer Seiten Sie besucht haben. Dar\u00fcber hinaus erh\u00e4lt Vimeo Ihre IP-Adresse. Dies gilt auch, wenn Sie beim Besuch unseres Plugins nicht bei Vimeo eingeloggt sind oder kein Vimeo-Konto besitzen. Die Informationen werden an einen Vimeo-Server in den USA \u00fcbermittelt und dort gespeichert.<\/p><p>Wenn Sie in Ihrem Vimeo-Konto eingeloggt sind, erlaubt Ihnen Vimeo, Ihr Surfverhalten direkt mit Ihrem pers\u00f6nlichen Profil zu verkn\u00fcpfen. Sie k\u00f6nnen dies verhindern, indem Sie sich bei Ihrem Vimeo-Konto abmelden.<\/p><p>Weitere Informationen \u00fcber den Umgang mit Nutzerdaten finden Sie in der Vimeo-Datenschutzrichtlinie unter <a href=\"https:\/\/vimeo.com\/privacy\">https:\/\/vimeo.com\/privacy<\/a>.<\/p><h3>Google Web-Schriftarten<\/h3><p>F\u00fcr die einheitliche Darstellung von Schriftarten verwendet diese Seite die von Google bereitgestellten Webfonts. Wenn Sie eine Seite \u00f6ffnen, l\u00e4dt Ihr Browser die ben\u00f6tigten Webfonts in Ihren Browser-Cache, um Texte und Schriften korrekt darzustellen.<\/p><p>Dazu muss Ihr Browser eine direkte Verbindung zu den Servern von Google herstellen. Google erh\u00e4lt dadurch die Information, dass \u00fcber Ihre IP-Adresse unsere Seite aufgerufen wurde. Die Verwendung von Google Web Fonts erfolgt im Interesse einer einheitlichen und ansprechenden Darstellung unseres Plugins. Dies stellt ein berechtigtes Interesse im Sinne von Art. 6 Abs. 1 lit. f) DSGVO dar.<\/p><p>Wenn Ihr Browser keine Webschriftarten unterst\u00fctzt, wird eine Standardschriftart von Ihrem Computer verwendet.<\/p><p>Weitere Informationen zum Umgang mit Nutzerdaten finden Sie unter <a href=\"https:\/\/developers.google.com\/fonts\/faq\">https:\/\/developers.google.com\/fonts\/faq<\/a> und in den Datenschutzbestimmungen von Google unter <a href=\"https:\/\/www.google.com\/policies\/privacy\/\">https:\/\/www.google.com\/policies\/privacy\/<\/a>.<\/p><h3>SoundCloud<\/h3><p>Auf unseren Seiten k\u00f6nnen Plugins des sozialen Netzwerks SoundCloud (SoundCloud Limited, Berners House, 47-48 Berners Street, London W1T 3NF, UK) eingebunden sein. Die SoundCloud-Plugins sind an dem SoundCloud-Logo auf unserer Seite zu erkennen.<\/p><p>Wenn Sie unsere Seite besuchen, wird \u00fcber das Plugin eine direkte Verbindung zwischen Ihrem Browser und dem SoundCloud-Server hergestellt. Dadurch erh\u00e4lt SoundCloud die Information, dass Sie unsere Seite \u00fcber Ihre IP-Adresse besucht haben. Wenn Sie die Schaltfl\u00e4chen \u201cGef\u00e4llt mir\u201d oder \u201cTeilen\u201d anklicken, w\u00e4hrend Sie in Ihrem SoundCloud-Konto eingeloggt sind, k\u00f6nnen Sie die Inhalte unserer Seiten mit Ihrem SoundCloud-Profil verlinken. Das bedeutet, dass SoundCloud den Besuch unserer Seiten Ihrem Benutzerkonto zuordnen kann. Wir weisen darauf hin, dass wir als Anbieter der Seiten keine Kenntnis vom Inhalt der \u00fcbermittelten Daten sowie deren Nutzung durch SoundCloud erhalten. Weitere Informationen zu den Datenschutzbestimmungen von SoundCloud finden Sie unter https:\/\/soundcloud.com\/pages\/privacy.<\/p><p>Wenn Sie nicht m\u00f6chten, dass SoundCloud Ihren Besuch auf unserer Website mit Ihrem SoundCloud-Konto in Verbindung bringt, melden Sie sich bitte von Ihrem SoundCloud-Konto ab.<\/p><h2>Complianz | Die Datenschutz-Suite f\u00fcr WordPress<\/h2><p>Diese Website verwendet die Privacy Suite f\u00fcr WordPress von Complianz, um browser- und ger\u00e4tebasierte Einwilligungen zu sammeln und aufzuzeichnen. F\u00fcr diese Funktionalit\u00e4t wird Ihre IP-Adresse anonymisiert und in unserer Datenbank gespeichert. Dieser Dienst verarbeitet keine pers\u00f6nlich identifizierbaren Informationen und gibt keine Daten an den Dienstanbieter weiter. Weitere Informationen finden Sie in der Complianz <a href=\"https:\/\/complianz.io\/legal\/privacy-statement\/\">Erkl\u00e4rung zum Datenschutz<\/a>.<\/p><\/p><\/div>","protected":false},"excerpt":{"rendered":"<p>Diese Datenschutzerkl\u00e4rung wurde zuletzt am 13.11.2025 aktualisiert und gilt f\u00fcr B\u00fcrger und Personen mit st\u00e4ndigem Wohnsitz im Europ\u00e4ischen Wirtschaftsraum und der Schweiz.In dieser Datenschutzerkl\u00e4rung erkl\u00e4ren wir, was wir mit den Daten, die wir \u00fcber dich via https:\/\/diamant.graphics\/de gesammelt haben, tun. Wir empfehlen Ihnen, dieses Dokument sorgf\u00e4ltig zu lesen. W\u00e4hrend unserer Verarbeitung entsprechen wir den gesetzlichen...<\/p>","protected":false},"author":1,"featured_media":0,"parent":0,"menu_order":0,"comment_status":"closed","ping_status":"closed","template":"","meta":{"footnotes":""},"class_list":["post-38442","page","type-page","status-publish","hentry","description-off"],"yoast_head":"<!-- This site is optimized with the Yoast SEO plugin v26.9 - https:\/\/yoast.com\/product\/yoast-seo-wordpress\/ -->\n<title>Privacy Statement (EU) - diamant.graphics<\/title>\n<meta name=\"robots\" content=\"index, follow, max-snippet:-1, max-image-preview:large, max-video-preview:-1\" \/>\n<link rel=\"canonical\" href=\"https:\/\/diamant.graphics\/de\/privacy-statement-eu\/\" \/>\n<meta property=\"og:locale\" content=\"de_DE\" \/>\n<meta property=\"og:type\" content=\"article\" \/>\n<meta property=\"og:title\" content=\"Privacy Statement (EU) - diamant.graphics\" \/>\n<meta property=\"og:url\" content=\"https:\/\/diamant.graphics\/de\/privacy-statement-eu\/\" \/>\n<meta property=\"og:site_name\" content=\"diamant.graphics\" \/>\n<meta property=\"article:modified_time\" content=\"2023-11-26T15:58:37+00:00\" \/>\n<meta name=\"twitter:card\" content=\"summary_large_image\" \/>\n<script type=\"application\/ld+json\" class=\"yoast-schema-graph\">{\"@context\":\"https:\/\/schema.org\",\"@graph\":[{\"@type\":\"WebPage\",\"@id\":\"https:\/\/diamant.graphics\/privacy-statement-eu\/\",\"url\":\"https:\/\/diamant.graphics\/privacy-statement-eu\/\",\"name\":\"Privacy Statement (EU) - diamant.graphics\",\"isPartOf\":{\"@id\":\"https:\/\/diamant.graphics\/#website\"},\"datePublished\":\"2023-11-26T15:41:57+00:00\",\"dateModified\":\"2023-11-26T15:58:37+00:00\",\"breadcrumb\":{\"@id\":\"https:\/\/diamant.graphics\/privacy-statement-eu\/#breadcrumb\"},\"inLanguage\":\"de\",\"potentialAction\":[{\"@type\":\"ReadAction\",\"target\":[\"https:\/\/diamant.graphics\/privacy-statement-eu\/\"]}]},{\"@type\":\"BreadcrumbList\",\"@id\":\"https:\/\/diamant.graphics\/privacy-statement-eu\/#breadcrumb\",\"itemListElement\":[{\"@type\":\"ListItem\",\"position\":1,\"name\":\"Home\",\"item\":\"https:\/\/diamant.graphics\/\"},{\"@type\":\"ListItem\",\"position\":2,\"name\":\"Privacy Statement (EU)\"}]},{\"@type\":\"WebSite\",\"@id\":\"https:\/\/diamant.graphics\/#website\",\"url\":\"https:\/\/diamant.graphics\/\",\"name\":\"diamant.graphics\",\"description\":\"jewelry renderings\",\"publisher\":{\"@id\":\"https:\/\/diamant.graphics\/#organization\"},\"potentialAction\":[{\"@type\":\"SearchAction\",\"target\":{\"@type\":\"EntryPoint\",\"urlTemplate\":\"https:\/\/diamant.graphics\/?s={search_term_string}\"},\"query-input\":{\"@type\":\"PropertyValueSpecification\",\"valueRequired\":true,\"valueName\":\"search_term_string\"}}],\"inLanguage\":\"de\"},{\"@type\":\"Organization\",\"@id\":\"https:\/\/diamant.graphics\/#organization\",\"name\":\"diamant.graphics\",\"url\":\"https:\/\/diamant.graphics\/\",\"logo\":{\"@type\":\"ImageObject\",\"inLanguage\":\"de\",\"@id\":\"https:\/\/diamant.graphics\/#\/schema\/logo\/image\/\",\"url\":\"https:\/\/diamant.graphics\/wp-content\/uploads\/2016\/01\/diamant.graphics-logo80_blue.png\",\"contentUrl\":\"https:\/\/diamant.graphics\/wp-content\/uploads\/2016\/01\/diamant.graphics-logo80_blue.png\",\"width\":148,\"height\":80,\"caption\":\"diamant.graphics\"},\"image\":{\"@id\":\"https:\/\/diamant.graphics\/#\/schema\/logo\/image\/\"},\"sameAs\":[\"https:\/\/www.youtube.com\/channel\/UCf8iMkWS_VsldzrnYMDaB8A\"]}]}<\/script>\n<!-- \/ Yoast SEO plugin. -->","yoast_head_json":{"title":"Datenschutzerkl\u00e4rung (EU) - diamant.graphics","robots":{"index":"index","follow":"follow","max-snippet":"max-snippet:-1","max-image-preview":"max-image-preview:large","max-video-preview":"max-video-preview:-1"},"canonical":"https:\/\/diamant.graphics\/de\/privacy-statement-eu\/","og_locale":"de_DE","og_type":"article","og_title":"Privacy Statement (EU) - diamant.graphics","og_url":"https:\/\/diamant.graphics\/de\/privacy-statement-eu\/","og_site_name":"diamant.graphics","article_modified_time":"2023-11-26T15:58:37+00:00","twitter_card":"summary_large_image","schema":{"@context":"https:\/\/schema.org","@graph":[{"@type":"WebPage","@id":"https:\/\/diamant.graphics\/privacy-statement-eu\/","url":"https:\/\/diamant.graphics\/privacy-statement-eu\/","name":"Datenschutzerkl\u00e4rung (EU) - diamant.graphics","isPartOf":{"@id":"https:\/\/diamant.graphics\/#website"},"datePublished":"2023-11-26T15:41:57+00:00","dateModified":"2023-11-26T15:58:37+00:00","breadcrumb":{"@id":"https:\/\/diamant.graphics\/privacy-statement-eu\/#breadcrumb"},"inLanguage":"de","potentialAction":[{"@type":"ReadAction","target":["https:\/\/diamant.graphics\/privacy-statement-eu\/"]}]},{"@type":"BreadcrumbList","@id":"https:\/\/diamant.graphics\/privacy-statement-eu\/#breadcrumb","itemListElement":[{"@type":"ListItem","position":1,"name":"Home","item":"https:\/\/diamant.graphics\/"},{"@type":"ListItem","position":2,"name":"Privacy Statement (EU)"}]},{"@type":"WebSite","@id":"https:\/\/diamant.graphics\/#website","url":"https:\/\/diamant.graphics\/","name":"diamant.grafik","description":"Schmuck-Renderings","publisher":{"@id":"https:\/\/diamant.graphics\/#organization"},"potentialAction":[{"@type":"SearchAction","target":{"@type":"EntryPoint","urlTemplate":"https:\/\/diamant.graphics\/?s={search_term_string}"},"query-input":{"@type":"PropertyValueSpecification","valueRequired":true,"valueName":"search_term_string"}}],"inLanguage":"de"},{"@type":"Organization","@id":"https:\/\/diamant.graphics\/#organization","name":"diamant.grafik","url":"https:\/\/diamant.graphics\/","logo":{"@type":"ImageObject","inLanguage":"de","@id":"https:\/\/diamant.graphics\/#\/schema\/logo\/image\/","url":"https:\/\/diamant.graphics\/wp-content\/uploads\/2016\/01\/diamant.graphics-logo80_blue.png","contentUrl":"https:\/\/diamant.graphics\/wp-content\/uploads\/2016\/01\/diamant.graphics-logo80_blue.png","width":148,"height":80,"caption":"diamant.graphics"},"image":{"@id":"https:\/\/diamant.graphics\/#\/schema\/logo\/image\/"},"sameAs":["https:\/\/www.youtube.com\/channel\/UCf8iMkWS_VsldzrnYMDaB8A"]}]}},"_links":{"self":[{"href":"https:\/\/diamant.graphics\/de\/wp-json\/wp\/v2\/pages\/38442","targetHints":{"allow":["GET"]}}],"collection":[{"href":"https:\/\/diamant.graphics\/de\/wp-json\/wp\/v2\/pages"}],"about":[{"href":"https:\/\/diamant.graphics\/de\/wp-json\/wp\/v2\/types\/page"}],"author":[{"embeddable":true,"href":"https:\/\/diamant.graphics\/de\/wp-json\/wp\/v2\/users\/1"}],"replies":[{"embeddable":true,"href":"https:\/\/diamant.graphics\/de\/wp-json\/wp\/v2\/comments?post=38442"}],"version-history":[{"count":1,"href":"https:\/\/diamant.graphics\/de\/wp-json\/wp\/v2\/pages\/38442\/revisions"}],"predecessor-version":[{"id":38471,"href":"https:\/\/diamant.graphics\/de\/wp-json\/wp\/v2\/pages\/38442\/revisions\/38471"}],"wp:attachment":[{"href":"https:\/\/diamant.graphics\/de\/wp-json\/wp\/v2\/media?parent=38442"}],"curies":[{"name":"wp","href":"https:\/\/api.w.org\/{rel}","templated":true}]}}