{"id":38508,"date":"2024-11-03T14:18:28","date_gmt":"2024-11-03T11:18:28","guid":{"rendered":"https:\/\/diamant.graphics\/?page_id=38508"},"modified":"2024-11-03T15:37:09","modified_gmt":"2024-11-03T12:37:09","slug":"appointment","status":"publish","type":"page","link":"https:\/\/diamant.graphics\/de\/appointment\/","title":{"rendered":"Buchen Sie einen Termin"},"content":{"rendered":"<div class=\"wpb-content-wrapper\"><div class=\"vc_row wpb_row vc_row-fluid dt-default\" style=\"margin-top: 0px;margin-bottom: 0px\"><div class=\"wpb_column vc_column_container vc_col-sm-12\"><div class=\"vc_column-inner\"><div class=\"wpb_wrapper\">\n\t<div class=\"wpb_text_column wpb_content_element\" >\n\t\t<div class=\"wpb_wrapper\">\n\t\t\t<p>Book Your Initial Appointment with diamant.graphics<\/p>\n<p><strong>Select a Date<\/strong><\/p>\n<ol>\n<li>Choose a suitable date on the calendar for our first meeting and project discussion.<\/li>\n<li><strong>Provide Your Details<\/strong><br \/>\nEnter your contact information and optional a brief description of your needs so we can prepare accordingly.<\/li>\n<li><strong>Receive Confirmation<\/strong><br \/>\nAfter booking, you\u2019ll receive a confirmation email with all appointment details.<\/li>\n<\/ol>\n<p>We look forward to meeting you and discussing your vision!<\/p>\n\n\t\t<\/div>\n\t<\/div>\n<\/div><\/div><\/div><\/div><div class=\"vc_row wpb_row vc_row-fluid dt-default\" style=\"margin-top: 0px;margin-bottom: 0px\"><div class=\"wpb_column vc_column_container vc_col-sm-12\"><div class=\"vc_column-inner\"><div class=\"wpb_wrapper\">\n\t<div class=\"wpb_text_column wpb_content_element\" >\n\t\t<div class=\"wpb_wrapper\">\n\t\t\t<p><!-- Google Calendar Appointment Scheduling begin --><br \/>\n<iframe loading=\"lazy\" style=\"border: 0;\" src=\"https:\/\/calendar.google.com\/calendar\/appointments\/schedules\/AcZssZ1XYBaJjgDPziCGVz5tG4Qx7E5pR9moc3O7PTtdORB6io27FsNIBY3bendsXsB3nZ4HPehNNzqo?gv=true\" width=\"100%\" height=\"1000\" frameborder=\"0\"><\/iframe><br \/>\n<!-- end Google Calendar Appointment Scheduling --><\/p>\n\n\t\t<\/div>\n\t<\/div>\n<\/div><\/div><\/div><\/div>\n<\/div>","protected":false},"excerpt":{"rendered":"<p>Buchen Sie Ihren ersten Termin mit diamant.graphics W\u00e4hlen Sie einen Termin W\u00e4hlen Sie einen geeigneten Termin im Kalender f\u00fcr unser erstes Treffen und die Projektbesprechung. Geben Sie Ihre Details an Geben Sie Ihre Kontaktinformationen und optional eine kurze Beschreibung Ihrer Bed\u00fcrfnisse an, damit wir uns entsprechend vorbereiten k\u00f6nnen. Best\u00e4tigung erhalten Nach der Buchung erhalten Sie eine Best\u00e4tigungs-E-Mail mit allen Terminen...<\/p>","protected":false},"author":1,"featured_media":0,"parent":0,"menu_order":0,"comment_status":"closed","ping_status":"closed","template":"template-microsite.php","meta":{"footnotes":""},"class_list":["post-38508","page","type-page","status-publish","hentry","description-off"],"yoast_head":"<!-- This site is optimized with the Yoast SEO plugin v26.9 - https:\/\/yoast.com\/product\/yoast-seo-wordpress\/ -->\n<title>Book an appointment - diamant.graphics<\/title>\n<meta name=\"robots\" content=\"index, follow, max-snippet:-1, max-image-preview:large, max-video-preview:-1\" \/>\n<link rel=\"canonical\" href=\"https:\/\/diamant.graphics\/de\/appointment\/\" \/>\n<meta property=\"og:locale\" content=\"de_DE\" \/>\n<meta property=\"og:type\" content=\"article\" \/>\n<meta property=\"og:title\" content=\"Book an appointment - diamant.graphics\" \/>\n<meta property=\"og:url\" content=\"https:\/\/diamant.graphics\/de\/appointment\/\" \/>\n<meta property=\"og:site_name\" content=\"diamant.graphics\" \/>\n<meta property=\"article:modified_time\" content=\"2024-11-03T12:37:09+00:00\" \/>\n<meta name=\"twitter:card\" content=\"summary_large_image\" \/>\n<meta name=\"twitter:label1\" content=\"Gesch\u00e4tzte Lesezeit\" \/>\n\t<meta name=\"twitter:data1\" content=\"1\u00a0Minute\" \/>\n<script type=\"application\/ld+json\" class=\"yoast-schema-graph\">{\"@context\":\"https:\/\/schema.org\",\"@graph\":[{\"@type\":\"WebPage\",\"@id\":\"https:\/\/diamant.graphics\/appointment\/\",\"url\":\"https:\/\/diamant.graphics\/appointment\/\",\"name\":\"Book an appointment - diamant.graphics\",\"isPartOf\":{\"@id\":\"https:\/\/diamant.graphics\/#website\"},\"datePublished\":\"2024-11-03T11:18:28+00:00\",\"dateModified\":\"2024-11-03T12:37:09+00:00\",\"breadcrumb\":{\"@id\":\"https:\/\/diamant.graphics\/appointment\/#breadcrumb\"},\"inLanguage\":\"de\",\"potentialAction\":[{\"@type\":\"ReadAction\",\"target\":[\"https:\/\/diamant.graphics\/appointment\/\"]}]},{\"@type\":\"BreadcrumbList\",\"@id\":\"https:\/\/diamant.graphics\/appointment\/#breadcrumb\",\"itemListElement\":[{\"@type\":\"ListItem\",\"position\":1,\"name\":\"Home\",\"item\":\"https:\/\/diamant.graphics\/\"},{\"@type\":\"ListItem\",\"position\":2,\"name\":\"Book an appointment\"}]},{\"@type\":\"WebSite\",\"@id\":\"https:\/\/diamant.graphics\/#website\",\"url\":\"https:\/\/diamant.graphics\/\",\"name\":\"diamant.graphics\",\"description\":\"jewelry renderings\",\"publisher\":{\"@id\":\"https:\/\/diamant.graphics\/#organization\"},\"potentialAction\":[{\"@type\":\"SearchAction\",\"target\":{\"@type\":\"EntryPoint\",\"urlTemplate\":\"https:\/\/diamant.graphics\/?s={search_term_string}\"},\"query-input\":{\"@type\":\"PropertyValueSpecification\",\"valueRequired\":true,\"valueName\":\"search_term_string\"}}],\"inLanguage\":\"de\"},{\"@type\":\"Organization\",\"@id\":\"https:\/\/diamant.graphics\/#organization\",\"name\":\"diamant.graphics\",\"url\":\"https:\/\/diamant.graphics\/\",\"logo\":{\"@type\":\"ImageObject\",\"inLanguage\":\"de\",\"@id\":\"https:\/\/diamant.graphics\/#\/schema\/logo\/image\/\",\"url\":\"https:\/\/diamant.graphics\/wp-content\/uploads\/2016\/01\/diamant.graphics-logo80_blue.png\",\"contentUrl\":\"https:\/\/diamant.graphics\/wp-content\/uploads\/2016\/01\/diamant.graphics-logo80_blue.png\",\"width\":148,\"height\":80,\"caption\":\"diamant.graphics\"},\"image\":{\"@id\":\"https:\/\/diamant.graphics\/#\/schema\/logo\/image\/\"},\"sameAs\":[\"https:\/\/www.youtube.com\/channel\/UCf8iMkWS_VsldzrnYMDaB8A\"]}]}<\/script>\n<!-- \/ Yoast SEO plugin. -->","yoast_head_json":{"title":"Book an appointment - diamant.graphics","robots":{"index":"index","follow":"follow","max-snippet":"max-snippet:-1","max-image-preview":"max-image-preview:large","max-video-preview":"max-video-preview:-1"},"canonical":"https:\/\/diamant.graphics\/de\/appointment\/","og_locale":"de_DE","og_type":"article","og_title":"Book an appointment - diamant.graphics","og_url":"https:\/\/diamant.graphics\/de\/appointment\/","og_site_name":"diamant.graphics","article_modified_time":"2024-11-03T12:37:09+00:00","twitter_card":"summary_large_image","twitter_misc":{"Gesch\u00e4tzte Lesezeit":"1\u00a0Minute"},"schema":{"@context":"https:\/\/schema.org","@graph":[{"@type":"WebPage","@id":"https:\/\/diamant.graphics\/appointment\/","url":"https:\/\/diamant.graphics\/appointment\/","name":"Book an appointment - diamant.graphics","isPartOf":{"@id":"https:\/\/diamant.graphics\/#website"},"datePublished":"2024-11-03T11:18:28+00:00","dateModified":"2024-11-03T12:37:09+00:00","breadcrumb":{"@id":"https:\/\/diamant.graphics\/appointment\/#breadcrumb"},"inLanguage":"de","potentialAction":[{"@type":"ReadAction","target":["https:\/\/diamant.graphics\/appointment\/"]}]},{"@type":"BreadcrumbList","@id":"https:\/\/diamant.graphics\/appointment\/#breadcrumb","itemListElement":[{"@type":"ListItem","position":1,"name":"Home","item":"https:\/\/diamant.graphics\/"},{"@type":"ListItem","position":2,"name":"Book an appointment"}]},{"@type":"WebSite","@id":"https:\/\/diamant.graphics\/#website","url":"https:\/\/diamant.graphics\/","name":"diamant.grafik","description":"Schmuck-Renderings","publisher":{"@id":"https:\/\/diamant.graphics\/#organization"},"potentialAction":[{"@type":"SearchAction","target":{"@type":"EntryPoint","urlTemplate":"https:\/\/diamant.graphics\/?s={search_term_string}"},"query-input":{"@type":"PropertyValueSpecification","valueRequired":true,"valueName":"search_term_string"}}],"inLanguage":"de"},{"@type":"Organization","@id":"https:\/\/diamant.graphics\/#organization","name":"diamant.grafik","url":"https:\/\/diamant.graphics\/","logo":{"@type":"ImageObject","inLanguage":"de","@id":"https:\/\/diamant.graphics\/#\/schema\/logo\/image\/","url":"https:\/\/diamant.graphics\/wp-content\/uploads\/2016\/01\/diamant.graphics-logo80_blue.png","contentUrl":"https:\/\/diamant.graphics\/wp-content\/uploads\/2016\/01\/diamant.graphics-logo80_blue.png","width":148,"height":80,"caption":"diamant.graphics"},"image":{"@id":"https:\/\/diamant.graphics\/#\/schema\/logo\/image\/"},"sameAs":["https:\/\/www.youtube.com\/channel\/UCf8iMkWS_VsldzrnYMDaB8A"]}]}},"_links":{"self":[{"href":"https:\/\/diamant.graphics\/de\/wp-json\/wp\/v2\/pages\/38508","targetHints":{"allow":["GET"]}}],"collection":[{"href":"https:\/\/diamant.graphics\/de\/wp-json\/wp\/v2\/pages"}],"about":[{"href":"https:\/\/diamant.graphics\/de\/wp-json\/wp\/v2\/types\/page"}],"author":[{"embeddable":true,"href":"https:\/\/diamant.graphics\/de\/wp-json\/wp\/v2\/users\/1"}],"replies":[{"embeddable":true,"href":"https:\/\/diamant.graphics\/de\/wp-json\/wp\/v2\/comments?post=38508"}],"version-history":[{"count":10,"href":"https:\/\/diamant.graphics\/de\/wp-json\/wp\/v2\/pages\/38508\/revisions"}],"predecessor-version":[{"id":38532,"href":"https:\/\/diamant.graphics\/de\/wp-json\/wp\/v2\/pages\/38508\/revisions\/38532"}],"wp:attachment":[{"href":"https:\/\/diamant.graphics\/de\/wp-json\/wp\/v2\/media?parent=38508"}],"curies":[{"name":"wp","href":"https:\/\/api.w.org\/{rel}","templated":true}]}}